{"id":3329,"date":"2021-02-28T14:07:06","date_gmt":"2021-03-07T14:26:49","guid":{"rendered":"https:\/\/paris.multi.delicatisserie.com\/produit\/lemon-meringue-tart\/"},"modified":"2024-04-06T13:23:47","modified_gmt":"2024-04-06T11:23:47","slug":"lemon-meringue-tart","status":"publish","type":"product","link":"https:\/\/paris.multi.delicatisserie.com\/en\/product\/lemon-meringue-tart\/","title":{"rendered":"Lemon Meringue Tart"},"content":{"rendered":"","protected":false},"excerpt":{"rendered":"<p style=\"padding-bottom: 0; font-weight: 300;\">Meyer lemon, hana yuzu and bergamot lemon for the Cr\u00e9meux, zests according to seasonal arrival: this tart invites to discover the subtle flavours of exceptional French citrus fruits. A delicate marriage between the power of the fruit and the sweetness of the meringue.<\/p>\n<p style=\"padding-bottom: 0; font-variant: small-caps!important;\">Crunchy texture shortbread dough made with PDO butter. Flour T80 Moulin Viron. Soft and buttery almond cream. Cr\u00e9meux with Bach\u00e8s citrus fruits. Light blowed meringue with Bach\u00e8s citrus zests.<\/p>\n<p style=\"padding-bottom: 0; color: #846d00; font-weight: 300;\">To share: 6 servings or individual.<\/p>\n<p style=\"padding-bottom: 0; font-variant: small-caps!important;\">Allergens: Gluten, eggs, milk, nuts, fish (gelatne)<\/p>\n","protected":false},"featured_media":3099,"template":"","meta":{"_et_pb_use_builder":"","_et_pb_old_content":"","_et_gb_content_width":""},"product_brand":[],"product_cat":[157,203],"product_tag":[160],"class_list":{"0":"post-3329","1":"product","2":"type-product","3":"status-publish","4":"has-post-thumbnail","6":"product_cat-collection-en","7":"product_cat-seasonal-creations","8":"product_tag-2021-en","10":"first","11":"instock","12":"taxable","13":"shipping-taxable","14":"purchasable","15":"product-type-variable","16":"has-default-attributes"},"_links":{"self":[{"href":"https:\/\/paris.multi.delicatisserie.com\/en\/wp-json\/wp\/v2\/product\/3329","targetHints":{"allow":["GET"]}}],"collection":[{"href":"https:\/\/paris.multi.delicatisserie.com\/en\/wp-json\/wp\/v2\/product"}],"about":[{"href":"https:\/\/paris.multi.delicatisserie.com\/en\/wp-json\/wp\/v2\/types\/product"}],"wp:featuredmedia":[{"embeddable":true,"href":"https:\/\/paris.multi.delicatisserie.com\/en\/wp-json\/wp\/v2\/media\/3099"}],"wp:attachment":[{"href":"https:\/\/paris.multi.delicatisserie.com\/en\/wp-json\/wp\/v2\/media?parent=3329"}],"wp:term":[{"taxonomy":"product_brand","embeddable":true,"href":"https:\/\/paris.multi.delicatisserie.com\/en\/wp-json\/wp\/v2\/product_brand?post=3329"},{"taxonomy":"product_cat","embeddable":true,"href":"https:\/\/paris.multi.delicatisserie.com\/en\/wp-json\/wp\/v2\/product_cat?post=3329"},{"taxonomy":"product_tag","embeddable":true,"href":"https:\/\/paris.multi.delicatisserie.com\/en\/wp-json\/wp\/v2\/product_tag?post=3329"}],"curies":[{"name":"wp","href":"https:\/\/api.w.org\/{rel}","templated":true}]}}